{"id":31,"date":"2022-05-17T21:38:13","date_gmt":"2022-05-17T19:38:13","guid":{"rendered":"http:\/\/localhost\/fpp\/?page_id=31"},"modified":"2023-07-19T10:40:07","modified_gmt":"2023-07-19T08:40:07","slug":"stores","status":"publish","type":"page","link":"https:\/\/fpp-cottbus.de\/?page_id=31","title":{"rendered":"Gesch\u00e4fte"},"content":{"rendered":"\n<p>Alle Gesch\u00e4fte die ihr bei uns in der F\u00fcrst-P\u00fcckler-Passage findet<\/p>\n\n\n\n<div class=\"container2\">\n<div class=\"row row-cols-1 row-cols-md-3 g-4\">\n\n\n\n<div class=\"col\">\n                <div class=\"card h-100 item-block text-center\">\n                    <div class=\"card-body\">\n                        <h3 class=\"card-title\">Sparkasse Spree-Nei\u00dfe<\/h3>\n                        <p class=\"card-text\">&nbsp;<\/p>\n\n                        <ul class=\"list-unstyled small text-muted\">\n                            <li> \u00d6ffnungszeiten\n<li> Montag &#038; Mittwoch: 08:30 &#8211; 12:30 | 13:30 &#8211; 16:00 <\/li>\n<li> Dienstag &#038; Donnerstag: 08:30 &#8211; 12:30 | 13:30 &#8211; 18:00 <li>\n<li> Freitag: 08:30 &#8211; 12:30<li>\n<li> tel. +49 355 4312015<li>\n<li> E-Mail: info@spk-spree-neisse.de\n\n                        <\/ul>\n\n                        <ul class=\"list-inline mb-0\">\n                            <li class=\"list-inline-item\"><a class=\"icon-instagram\" href=\"#\"><\/a><\/li>\n                            <li class=\"list-inline-item\"><a class=\"icon-globe\" href=\"#\"><\/a><\/li>\n                            <li class=\"list-inline-item\"><a class=\"icon-mail\" href=\"#\"><\/a><\/li>\n                        <\/ul>\n                    <\/div>\n                <\/div>\n            <\/div>\n\n\n\n<div class=\"col\">\n                <div class=\"card h-100 item-block text-center\">\n                    <div class=\"card-body\">\n                        <h3 class=\"card-title\">Die Passagen Apotheke<\/h3>\n                        <p class=\"card-text\">&nbsp;<\/p>\n\n                        <ul class=\"list-unstyled small text-muted\">\n                            <li> \u00d6ffnungszeiten\n                            <li> Montag bis Samstag: 08:00 \u2014 18:30<\/li>\n                            <li> tel. +49 355 478040<li> \n                            <li>E-Mail: bestellung@passagenapotheke.de<li>\n                        <\/ul>\n\n                        <ul class=\"list-inline mb-0\">\n                            <li class=\"list-inline-item\"><a class=\"icon-instagram\" href=\"#\"><\/a><\/li>\n                            <li class=\"list-inline-item\"><a class=\"icon-globe\" href=\"#\"><\/a><\/li>\n                            <li class=\"list-inline-item\"><a class=\"icon-mail\" href=\"#\"><\/a><\/li>\n                        <\/ul>\n                    <\/div>\n                <\/div>\n            <\/div>\n\n\n\n<div class=\"col\">\n                <div class=\"card h-100 item-block text-center\">\n                    <div class=\"card-body\">\n                        <h3 class=\"card-title\">Weilands Backstube<\/h3>\n                        <p class=\"card-text\">&nbsp;<\/p>\n\n                        <ul class=\"list-unstyled small text-muted\">\n                            <li> \u00d6ffnungszeiten\n                            <li> Montag bis Freitag: 08:00 \u2014 18:00<\/li>\n                            <li> Samstag: 07:00 &#8211; 12:00<li>\n                            <li> Sontag: 07:30 &#8211; 11:30<li>\n                            <li> tel. +49 355 48887033<li>\n                        <\/ul>\n\n                        <ul class=\"list-inline mb-0\">\n                            <li class=\"list-inline-item\"><a class=\"icon-instagram\" href=\"#\"><\/a><\/li>\n                            <li class=\"list-inline-item\"><a class=\"icon-globe\" href=\"#\"><\/a><\/li>\n                            <li class=\"list-inline-item\"><a class=\"icon-mail\" href=\"#\"><\/a><\/li>\n                        <\/ul>\n                    <\/div>\n                <\/div>\n            <\/div>\n\n\n\n<div class=\"col\">\n                <div class=\"card h-100 item-block text-center\">\n                    <div class=\"card-body\">\n                        <h3 class=\"card-title\">Enterprise Autovermietung und Transporter<\/h3>\n                        <p class=\"card-text\">&nbsp;<\/p>\n\n                        <ul class=\"list-unstyled small text-muted\">\n                            <li> \u00d6ffnungszeiten\n<li>Montag bis Freitag: 08:00 \u2014 16:00<\/li>\n<li>tel. +49 355 3554080<li>\n<li> URL: https:\/\/www.enterprise.de\/ <li>\n                        <\/ul>\n\n                        <ul class=\"list-inline mb-0\">\n                            <li class=\"list-inline-item\"><a class=\"icon-instagram\" href=\"#\"><\/a><\/li>\n                            <li class=\"list-inline-item\"><a class=\"icon-globe\" href=\"#\"><\/a><\/li>\n                            <li class=\"list-inline-item\"><a class=\"icon-mail\" href=\"#\"><\/a><\/li>\n                        <\/ul>\n                    <\/div>\n                <\/div>\n            <\/div>\n\n\n\n<div class=\"col\">\n                <div class=\"card h-100 item-block text-center\">\n                    <div class=\"card-body\">\n                        <h3 class=\"card-title\">Schneider Moden<\/h3>\n                        <p class=\"card-text\">&nbsp;<\/p>\n\n                        <ul class=\"list-unstyled small text-muted\">\n                            <li> \u00d6ffnungszeiten\n                            <\/li> Montag bis Freitag: 09:30 \u2014 18:00<\/li>\n<li>Samstsag: 09:30 &#8211; 13:00<li>\n<li>tel. +49 355 4857586<li>\n<li>E-Mail: info@schneidermoden.de<li>\n                        <\/ul>\n\n                        <ul class=\"list-inline mb-0\">\n                            <li class=\"list-inline-item\"><a class=\"icon-instagram\" href=\"#\"><\/a><\/li>\n                            <li class=\"list-inline-item\"><a class=\"icon-globe\" href=\"#\"><\/a><\/li>\n                            <li class=\"list-inline-item\"><a class=\"icon-mail\" href=\"#\"><\/a><\/li>\n                        <\/ul>\n                    <\/div>\n                <\/div>\n            <\/div>\n\n\n\n<div class=\"col\">\n                <div class=\"card h-100 item-block text-center\">\n                    <div class=\"card-body\">\n                        <h3 class=\"card-title\">Optik Seidel<\/h3>\n                        <p class=\"card-text\">&nbsp;<\/p>\n\n                        <ul class=\"list-unstyled small text-muted\">\n                            <li> \u00d6ffnungszeiten\n<li>Montag bis Freitag: 10:00 \u2014 18:00<\/li>\n<li>tel.  +49 355 473614<\/li>\n<\/li> E-Mail: tobiasseidel@optik-seidel.de <\/li>\n                        <\/ul>\n\n                        <ul class=\"list-inline mb-0\">\n                            <li class=\"list-inline-item\"><a class=\"icon-instagram\" href=\"#\"><\/a><\/li>\n                            <li class=\"list-inline-item\"><a class=\"icon-globe\" href=\"#\"><\/a><\/li>\n                            <li class=\"list-inline-item\"><a class=\"icon-mail\" href=\"#\"><\/a><\/li>\n                        <\/ul>\n                    <\/div>\n                <\/div>\n            <\/div>\n\n\n\n<div class=\"col\">\n                <div class=\"card h-100 item-block text-center\">\n                    <div class=\"card-body\">\n                        <h3 class=\"card-title\">K\u00fcchenger\u00e4te Fachmarkt<\/h3>\n                        <p class=\"card-text\">&nbsp;<\/p>\n\n                        <ul class=\"list-unstyled small text-muted\">\n                            Montag-Freitag 09:30 &#8211; 18:00 \u00d6ffnungszeiten\n<li> Montag bis Freitag: 09:30 &#8211; 18:00<\/li>\n<li>Samstag: 09:30 &#8211; 12:00 Uhr<\/li>\n<li>tel. +49 355 4312060<li>\n<li>E-Mail: kuechenundelektro-cottbus@t-online.de<li>\n                        <\/ul>\n\n                        <ul class=\"list-inline mb-0\">\n                            <li class=\"list-inline-item\"><a class=\"icon-instagram\" href=\"#\"><\/a><\/li>\n                            <li class=\"list-inline-item\"><a class=\"icon-globe\" href=\"#\"><\/a><\/li>\n                            <li class=\"list-inline-item\"><a class=\"icon-mail\" href=\"#\"><\/a><\/li>\n                        <\/ul>\n                    <\/div>\n                <\/div>\n            <\/div>\n\n\n\n<div class=\"col\">\n                <div class=\"card h-100 item-block text-center\">\n                    <div class=\"card-body\">\n                        <h3 class=\"card-title\">CB ELectronic<\/h3>\n                        <p class=\"card-text\">Der \u00fcberhaupt tollste Handy und Computer Laden in der ganzen Stadt.<\/p>\n\n                        <ul class=\"list-unstyled small text-muted\">\n                            <li>\u00d6ffnungszeiten<\/li>\n<li>Mo-Fr 09:00 &#8211; 18:00 Uhr<\/li>\n<li>Samstag 09:00 &#8211; 12:00 Uhr<\/li>\n                        <\/ul>\n\n                        <ul class=\"list-inline mb-0\">\n                            <li class=\"list-inline-item\"><a class=\"icon-instagram\" href=\"#\"><\/a><\/li>\n                            <li class=\"list-inline-item\"><a class=\"icon-globe\" href=\"#\"><\/a><\/li>\n                            <li class=\"list-inline-item\"><a class=\"icon-mail\" href=\"#\"><\/a><\/li>\n                        <\/ul>\n                    <\/div>\n                <\/div>\n            <\/div>\n\n\n\n<div class=\"col\">\n                <div class=\"card h-100 item-block text-center\">\n                    <div class=\"card-body\">\n                        <h3 class=\"card-title\">Elena Botique<\/h3>\n                        <p class=\"card-text\">&nbsp;<\/p>\n\n                        <ul class=\"list-unstyled small text-muted\">\n                            <li> \u00d6ffnungszeiten \n                            <li> Montag bis Freitag: 10:00 \u2014 18:00<\/li> \n                            <li> Samstag: 10:00 &#8211; 12:00<\/li>\n                        <\/ul>\n\n                        <ul class=\"list-inline mb-0\">\n                            <li class=\"list-inline-item\"><a class=\"icon-instagram\" href=\"#\"><\/a><\/li>\n                            <li class=\"list-inline-item\"><a class=\"icon-globe\" href=\"#\"><\/a><\/li>\n                            <li class=\"list-inline-item\"><a class=\"icon-mail\" href=\"#\"><\/a><\/li>\n                        <\/ul>\n                    <\/div>\n                <\/div>\n            <\/div>\n\n\n\n<div class=\"col\">\n                <div class=\"card h-100 item-block text-center\">\n                    <div class=\"card-body\">\n                        <h3 class=\"card-title\">Coskun Bistro<\/h3>\n                        <p class=\"card-text\">&nbsp;<\/p>\n\n                        <ul class=\"list-unstyled small text-muted\">\n                            <li> \u00d6ffnungszeiten\n <li> Montag bis Freitag: 10:00 \u2014 20:00<\/li>\n<li> Samstag: geschlossen<li> \n<li> Sonntag: 11:00 &#8211; 20:00<li>  \n<li> tel. +49 1520 4128755<li> \n\n                        <\/ul>\n\n                        <ul class=\"list-inline mb-0\">\n                            <li class=\"list-inline-item\"><a class=\"icon-instagram\" href=\"#\"><\/a><\/li>\n                            <li class=\"list-inline-item\"><a class=\"icon-globe\" href=\"#\"><\/a><\/li>\n                            <li class=\"list-inline-item\"><a class=\"icon-mail\" href=\"#\"><\/a><\/li>\n                        <\/ul>\n                    <\/div>\n                <\/div>\n            <\/div>\n\n\n\n<div class=\"col\">\n                <div class=\"card h-100 item-block text-center\">\n                    <div class=\"card-body\">\n                        <h3 class=\"card-title\">Schreib- und Ideenmarkt Claudia Holm<\/h3>\n                        <p class=\"card-text\">&nbsp;<\/p>\n\n                        <ul class=\"list-unstyled small text-muted\">\n                            <li> \u00d6ffnungszeiten: 10:00 \u2014 20:00<\/li>\n<li>Montag bis Freitag: 09:00 bis 18:00<li> \n<li> Samstag: 09:30 bis 12:00<li> \n<li> tel. +49 355 4304146<li> \n                        <\/ul>\n\n                        <ul class=\"list-inline mb-0\">\n                            <li class=\"list-inline-item\"><a class=\"icon-instagram\" href=\"#\"><\/a><\/li>\n                            <li class=\"list-inline-item\"><a class=\"icon-globe\" href=\"#\"><\/a><\/li>\n                            <li class=\"list-inline-item\"><a class=\"icon-mail\" href=\"#\"><\/a><\/li>\n                        <\/ul>\n                    <\/div>\n                <\/div>\n            <\/div>\n\n\n\n<div class=\"col\">\n                <div class=\"card h-100 item-block text-center\">\n                    <div class=\"card-body\">\n                        <h3 class=\"card-title\">Gala Moden<\/h3>\n                        <p class=\"card-text\">&nbsp;<\/p>\n\n                        <ul class=\"list-unstyled small text-muted\">\n                            <li> \u00d6ffnungszeiten\n <li>Montag bis Freitag: 10:00 \u2014 20:00<\/li>\n <li>Samstag 10:00 &#8211; 12:00 <li>\n <li>tel. +49 355 8699042<li>\n                        <\/ul>\n\n                        <ul class=\"list-inline mb-0\">\n                            <li class=\"list-inline-item\"><a class=\"icon-instagram\" href=\"#\"><\/a><\/li>\n                            <li class=\"list-inline-item\"><a class=\"icon-globe\" href=\"#\"><\/a><\/li>\n                            <li class=\"list-inline-item\"><a class=\"icon-mail\" href=\"#\"><\/a><\/li>\n                        <\/ul>\n                    <\/div>\n                <\/div>\n            <\/div>\n\n\n\n<div class=\"col\">\n                <div class=\"card h-100 item-block text-center\">\n                    <div class=\"card-body\">\n                        <h3 class=\"card-title\">Marikas &#8211; Kindertanzakademie<\/h3>\n                        <p class=\"card-text\">&nbsp;<\/p>\n\n                        <ul class=\"list-unstyled small text-muted\">\n                            <li> \u00d6ffnungszeiten\n<li>Montag bis Freitag: 09:00 \u2014 20:00<\/li>\n<li>tel. +49 163 3799593  +<\/li>\n<\/li> E-Mail: marika.berger@googlemail.com <\/li>\n                        <\/ul>\n\n                        <ul class=\"list-inline mb-0\">\n                            <li class=\"list-inline-item\"><a class=\"icon-instagram\" href=\"#\"><\/a><\/li>\n                            <li class=\"list-inline-item\"><a class=\"icon-globe\" href=\"#\"><\/a><\/li>\n                            <li class=\"list-inline-item\"><a class=\"icon-mail\" href=\"#\"><\/a><\/li>\n                        <\/ul>\n                    <\/div>\n                <\/div>\n            <\/div>\n\n\n\n<div class=\"col\">\n                <div class=\"card h-100 item-block text-center\">\n                    <div class=\"card-body\">\n                        <h3 class=\"card-title\">Fu\u00dfpflegesalon Rita Kuba<\/h3>\n                        <p class=\"card-text\">&nbsp;<\/p>\n\n                        <ul class=\"list-unstyled small text-muted\">\n                            <li> \u00d6ffnungszeiten\n<li>Montag bis Freitag: 09:00 \u2014 18:00<\/li>\n<li>tel. +49 355 4839369 <\/li>\n\n\n                        <ul class=\"list-inline mb-0\">\n                            <li class=\"list-inline-item\"><a class=\"icon-instagram\" href=\"#\"><\/a><\/li>\n                            <li class=\"list-inline-item\"><a class=\"icon-globe\" href=\"#\"><\/a><\/li>\n                            <li class=\"list-inline-item\"><a class=\"icon-mail\" href=\"#\"><\/a><\/li>\n                        <\/ul>\n                    <\/div>\n                <\/div>\n            <\/div>\n\n\n\n<\/div><\/div>\n","protected":false},"excerpt":{"rendered":"<p>Alle Gesch\u00e4fte die ihr bei uns in der F\u00fcrst-P\u00fcckler-Passage findet Sparkasse Spree-Nei\u00dfe &nbsp; \u00d6ffnungszeiten Montag &#038; Mittwoch: 08:30 &#8211; 12:30 | 13:30 &#8211; 16:00 Dienstag &#038; Donnerstag: 08:30 &#8211; 12:30 | 13:30 &#8211; 18:00 Freitag: 08:30 &#8211; 12:30 tel. +49 355 4312015 E-Mail: info@spk-spree-neisse.de Die Passagen Apotheke &nbsp; \u00d6ffnungszeiten Montag bis Samstag: 08:00 \u2014 18:30 [&hellip;]<\/p>\n","protected":false},"author":3,"featured_media":0,"parent":0,"menu_order":0,"comment_status":"closed","ping_status":"closed","template":"right-stores.php","meta":{"footnotes":""},"class_list":["post-31","page","type-page","status-publish","hentry"],"_links":{"self":[{"href":"https:\/\/fpp-cottbus.de\/index.php?rest_route=\/wp\/v2\/pages\/31","targetHints":{"allow":["GET"]}}],"collection":[{"href":"https:\/\/fpp-cottbus.de\/index.php?rest_route=\/wp\/v2\/pages"}],"about":[{"href":"https:\/\/fpp-cottbus.de\/index.php?rest_route=\/wp\/v2\/types\/page"}],"author":[{"embeddable":true,"href":"https:\/\/fpp-cottbus.de\/index.php?rest_route=\/wp\/v2\/users\/3"}],"replies":[{"embeddable":true,"href":"https:\/\/fpp-cottbus.de\/index.php?rest_route=%2Fwp%2Fv2%2Fcomments&post=31"}],"version-history":[{"count":22,"href":"https:\/\/fpp-cottbus.de\/index.php?rest_route=\/wp\/v2\/pages\/31\/revisions"}],"predecessor-version":[{"id":204,"href":"https:\/\/fpp-cottbus.de\/index.php?rest_route=\/wp\/v2\/pages\/31\/revisions\/204"}],"wp:attachment":[{"href":"https:\/\/fpp-cottbus.de\/index.php?rest_route=%2Fwp%2Fv2%2Fmedia&parent=31"}],"curies":[{"name":"wp","href":"https:\/\/api.w.org\/{rel}","templated":true}]}}