{"id":22,"date":"2022-05-17T20:19:25","date_gmt":"2022-05-17T20:19:25","guid":{"rendered":"http:\/\/localhost\/fpp\/?page_id=22"},"modified":"2023-07-19T10:41:47","modified_gmt":"2023-07-19T08:41:47","slug":"about","status":"publish","type":"page","link":"https:\/\/fpp-cottbus.de\/?page_id=22","title":{"rendered":"\u00dcber uns"},"content":{"rendered":"\n<p><strong>Am 18. November 1993<\/strong>&nbsp;\u00f6ffnete nach zweij\u00e4hriger Bauzeit die \u201eF\u00fcrst-P\u00fcckler-Passage\u201c in unmittelbarer N\u00e4he des Cottbuser Hauptbahnhofes ihre Pforten. Die Einkaufspassage, eine gelungene Konstruktion aus Stahl, Glas und Naturstein, im Ensemble mit einem 46 m aufragenden B\u00fcro- und Praxenturm sowie dem Radisson SAS Hotel ist zu einem neuen Wahrzeichen von Cottbus geworden. Die Passage liegt im Herzen der S\u00fcdbrandenburger Stadt Cottbus, befindet sich direkt im Zentrum, gegen\u00fcber dem 2020 neu er\u00f6ffneten <strong>Hauptbahnhof<\/strong> und <strong>Omnibusbahnhof<\/strong>.<\/p>\n\n\n\n<p><strong>Die Einkaufspassage<\/strong>&nbsp;wurde nach dem ber\u00fchmten Weltreisenden und Gartenarchitekten Hermann F\u00fcrst von P\u00fcckler-Muskau benannt. Die zweigeschossige, lichtdurchflutete Mall der Passage beherbergt auf 7.300 m\u00b2 Verkaufsfl\u00e4che 25 Einzelhandelsgesch\u00e4fte mit einem sehr ausgewogenen und abgestimmten Branchenmix, erg\u00e4nzt von Gastronomie und Dienstleistungsrubriken.<\/p>\n\n\n\n<p><strong>Ein Aufzug und zwei Fahrtreppen<\/strong>&nbsp;verbinden beide Geschosse, so dass auch Behinderte alle Bereiche bequem nutzen k\u00f6nnen. Im Untergeschoss befindet sich auf einer Fl\u00e4che von 1.500 m\u00b2 ein Verbrauchermarkt. Kostenlose Pkw-Stellpl\u00e4tze unmittelbar vor dem Objekt oder die Stellpl\u00e4tze in der angrenzenden Tiefgarage lassen Ihren Einkauf zu einem Erlebnis werden.<\/p>\n","protected":false},"excerpt":{"rendered":"<p>Am 18. November 1993&nbsp;\u00f6ffnete nach zweij\u00e4hriger Bauzeit die \u201eF\u00fcrst-P\u00fcckler-Passage\u201c in unmittelbarer N\u00e4he des Cottbuser Hauptbahnhofes ihre Pforten. Die Einkaufspassage, eine gelungene Konstruktion aus Stahl, Glas und Naturstein, im Ensemble mit einem 46 m aufragenden B\u00fcro- und Praxenturm sowie dem Radisson SAS Hotel ist zu einem neuen Wahrzeichen von Cottbus geworden. Die Passage liegt im Herzen [&hellip;]<\/p>\n","protected":false},"author":1,"featured_media":0,"parent":0,"menu_order":0,"comment_status":"closed","ping_status":"closed","template":"right-sidebar.php","meta":{"footnotes":""},"class_list":["post-22","page","type-page","status-publish","hentry"],"_links":{"self":[{"href":"https:\/\/fpp-cottbus.de\/index.php?rest_route=\/wp\/v2\/pages\/22","targetHints":{"allow":["GET"]}}],"collection":[{"href":"https:\/\/fpp-cottbus.de\/index.php?rest_route=\/wp\/v2\/pages"}],"about":[{"href":"https:\/\/fpp-cottbus.de\/index.php?rest_route=\/wp\/v2\/types\/page"}],"author":[{"embeddable":true,"href":"https:\/\/fpp-cottbus.de\/index.php?rest_route=\/wp\/v2\/users\/1"}],"replies":[{"embeddable":true,"href":"https:\/\/fpp-cottbus.de\/index.php?rest_route=%2Fwp%2Fv2%2Fcomments&post=22"}],"version-history":[{"count":10,"href":"https:\/\/fpp-cottbus.de\/index.php?rest_route=\/wp\/v2\/pages\/22\/revisions"}],"predecessor-version":[{"id":222,"href":"https:\/\/fpp-cottbus.de\/index.php?rest_route=\/wp\/v2\/pages\/22\/revisions\/222"}],"wp:attachment":[{"href":"https:\/\/fpp-cottbus.de\/index.php?rest_route=%2Fwp%2Fv2%2Fmedia&parent=22"}],"curies":[{"name":"wp","href":"https:\/\/api.w.org\/{rel}","templated":true}]}}